{"id":51,"date":"2019-12-03T11:43:44","date_gmt":"2019-12-03T11:43:44","guid":{"rendered":"https:\/\/adsbb.pt\/web\/?page_id=51"},"modified":"2020-07-17T19:39:47","modified_gmt":"2020-07-17T19:39:47","slug":"dar-sangue","status":"publish","type":"page","link":"https:\/\/adsbb.pt\/web\/dar-sangue\/","title":{"rendered":"Sobre Dar Sangue"},"content":{"rendered":"<div id=\"pl-51\"  class=\"panel-layout\" ><div id=\"pg-51-0\"  class=\"panel-grid panel-has-style\" ><div class=\"siteorigin-panels-stretch panel-row-style panel-row-style-for-51-0\" data-stretch-type=\"full-stretched\" ><div id=\"pgc-51-0-0\"  class=\"panel-grid-cell\" ><div id=\"panel-51-0-0-0\" class=\"so-panel widget_sow-slider panel-first-child panel-last-child\" data-index=\"0\" ><div\n\t\t\t\n\t\t\tclass=\"so-widget-sow-slider so-widget-sow-slider-default-6d39609536fd-51\"\n\t\t\t\n\t\t>\t\t\t\t<div class=\"sow-slider-base\" style=\"display: none\" tabindex=\"0\">\n\t\t\t\t\t<ul\n\t\t\t\t\tclass=\"sow-slider-images\"\n\t\t\t\t\tdata-settings=\"{&quot;pagination&quot;:true,&quot;speed&quot;:800,&quot;timeout&quot;:8000,&quot;paused&quot;:false,&quot;pause_on_hover&quot;:false,&quot;swipe&quot;:true,&quot;nav_always_show_desktop&quot;:&quot;&quot;,&quot;nav_always_show_mobile&quot;:&quot;&quot;,&quot;breakpoint&quot;:&quot;780px&quot;,&quot;unmute&quot;:false,&quot;anchor&quot;:null}\"\n\t\t\t\t\t\t\t\t\t\tdata-anchor-id=\"\"\n\t\t\t\t>\t\t<li class=\"sow-slider-image\" style=\"visibility: visible;\" >\n\t\t\t\t\t\t<img loading=\"lazy\" decoding=\"async\" width=\"2047\" height=\"700\" src=\"https:\/\/adsbb.pt\/web\/wp-content\/uploads\/2020\/07\/ADSBB_Banner_05-1.jpg\" class=\"sow-slider-background-image\" alt=\"\" style=\"\" srcset=\"https:\/\/adsbb.pt\/web\/wp-content\/uploads\/2020\/07\/ADSBB_Banner_05-1.jpg 2047w, https:\/\/adsbb.pt\/web\/wp-content\/uploads\/2020\/07\/ADSBB_Banner_05-1-300x103.jpg 300w, https:\/\/adsbb.pt\/web\/wp-content\/uploads\/2020\/07\/ADSBB_Banner_05-1-1024x350.jpg 1024w, https:\/\/adsbb.pt\/web\/wp-content\/uploads\/2020\/07\/ADSBB_Banner_05-1-768x263.jpg 768w, https:\/\/adsbb.pt\/web\/wp-content\/uploads\/2020\/07\/ADSBB_Banner_05-1-1536x525.jpg 1536w\" sizes=\"auto, (max-width: 2047px) 100vw, 2047px\" \/>\t\t<\/li>\n\t\t<\/ul>\t\t\t\t<ol class=\"sow-slider-pagination\">\n\t\t\t\t\t\t\t\t\t\t\t<li><a href=\"#\" data-goto=\"0\" aria-label=\"Display slide 1\"><\/a><\/li>\n\t\t\t\t\t\t\t\t\t<\/ol>\n\n\t\t\t\t<div class=\"sow-slide-nav sow-slide-nav-next\">\n\t\t\t\t\t<a href=\"#\" data-goto=\"next\" aria-label=\"Next slide\" data-action=\"next\">\n\t\t\t\t\t\t<em class=\"sow-sld-icon-thin-right\"><\/em>\n\t\t\t\t\t<\/a>\n\t\t\t\t<\/div>\n\n\t\t\t\t<div class=\"sow-slide-nav sow-slide-nav-prev\">\n\t\t\t\t\t<a href=\"#\" data-goto=\"previous\" aria-label=\"Previous slide\" data-action=\"prev\">\n\t\t\t\t\t\t<em class=\"sow-sld-icon-thin-left\"><\/em>\n\t\t\t\t\t<\/a>\n\t\t\t\t<\/div>\n\t\t\t\t<\/div><\/div><\/div><\/div><\/div><\/div><div id=\"pg-51-1\"  class=\"panel-grid panel-no-style\" ><div id=\"pgc-51-1-0\"  class=\"panel-grid-cell\" ><div id=\"panel-51-1-0-0\" class=\"so-panel widget_sow-editor panel-first-child panel-last-child\" data-index=\"1\" ><div\n\t\t\t\n\t\t\tclass=\"so-widget-sow-editor so-widget-sow-editor-base\"\n\t\t\t\n\t\t>\n<div class=\"siteorigin-widget-tinymce textwidget\">\n\t<h1><b>O que \u00e9 o Sangue?<\/b><\/h1>\n<p>O sangue \u00e9 um tecido constitu\u00eddo por v\u00e1rias c\u00e9lulas sangu\u00edneas, suspensas num l\u00edquido chamado plasma. O plasma \u00e9 constitu\u00eddo por \u00e1gua, sais minerais, mol\u00e9culas hidrossol\u00faveis como por exemplo a glucose e prote\u00ednas. As c\u00e9lulas sangu\u00edneas s\u00e3o os Gl\u00f3bulos Vermelhos ou Eritr\u00f3citos, os Gl\u00f3bulos Brancos ou Leuc\u00f3citos e as Plaquetas.<\/p>\n<p>\u00c9 a medula \u00f3ssea que se encarrega da produ\u00e7\u00e3o das c\u00e9lulas sangu\u00edneas, as quais s\u00e3o constantemente renovadas. O sangue tem fun\u00e7\u00f5es muito importantes e complexas entre as quais o transporte de oxig\u00e9nio, nutrientes, hormonas, di\u00f3xido de carbono e outros produtos do catabolismo.<\/p>\n<h1><b>Dar Sangue<\/b><\/h1>\n<ul>\n<li style=\"text-align: justify;\">Podem dar sangue todas as pessoas com bom estado de sa\u00fade, com h\u00e1bitos de vida saud\u00e1veis, peso igual ou superior a 50kg e idade compreendida entre os 18 e 65 anos.<\/li>\n<li style=\"text-align: justify;\">Para uma primeira d\u00e1diva o limite de idade \u00e9 aos 60 anos.<\/li>\n<li style=\"text-align: justify;\">Os homens podem dar sangue de 3 em 3 meses e as mulheres de 4 em 4 meses, sem nenhum preju\u00edzo para si pr\u00f3prios.<\/li>\n<li style=\"text-align: justify;\">Dar sangue n\u00e3o engorda, n\u00e3o enfraquece e n\u00e3o causa habitua\u00e7\u00e3o.<\/li>\n<li style=\"text-align: justify;\">A d\u00e1diva de sangue n\u00e3o deve ser efectuada em jejum. Deve-se tomar uma refei\u00e7\u00e3o ligeira sem \u00e1lcool e sem gorduras como por exemplo uma sandu\u00edche e um sumo.<\/li>\n<li style=\"text-align: justify;\">O candidato a dador \u00e9 sempre observado pelo m\u00e9dico, que avalia o seu estado de sa\u00fade mediante a hist\u00f3ria cl\u00ednica e os seus h\u00e1bitos de vida. A entrevista m\u00e9dica tem como objectivo salvaguardar a sa\u00fade do pr\u00f3prio dador bem como a sa\u00fade do doente que ir\u00e1 receber o sangue.<br \/>\nDepois da hist\u00f3ria cl\u00ednica, o dador \u00e9 submetido a um exame sum\u00e1rio com medi\u00e7\u00e3o do pulso, da tens\u00e3o arterial e doseamento da hemoglobina, para ver se os gl\u00f3bulos vermelhos s\u00e3o suficientes para dar sangue sem preju\u00edzo para a sua sa\u00fade. Se houver alguma anomalia o dador poder\u00e1 ser suspenso tempor\u00e1ria ou definitivamente dependendo da situa\u00e7\u00e3o.<\/li>\n<li style=\"text-align: justify;\">Devido ao comportamento e ao estilo de vida, algumas pessoas n\u00e3o devem dar sangue por estarem mais expostas a determinados agentes infecciosos, que podem comprometer a seguran\u00e7a da transfus\u00e3o.<\/li>\n<\/ul>\n<hr \/>\n<p><a href=\"https:\/\/www.sns24.gov.pt\/guia\/posso-dar-sangue\/\" target=\"_blank\" rel=\"noopener\"><strong>Informa\u00e7\u00e3o complementar SNS24<\/strong><\/a><\/p>\n<\/div>\n<\/div><\/div><\/div><div id=\"pgc-51-1-1\"  class=\"panel-grid-cell\" ><div id=\"panel-51-1-1-0\" class=\"so-panel widget_sow-editor panel-first-child\" data-index=\"2\" ><div\n\t\t\t\n\t\t\tclass=\"so-widget-sow-editor so-widget-sow-editor-base\"\n\t\t\t\n\t\t>\n<div class=\"siteorigin-widget-tinymce textwidget\">\n\t<p><iframe loading=\"lazy\" width=\"560\" height=\"315\" src=\"https:\/\/www.youtube.com\/embed\/V2gqKb0BGds\" frameborder=\"0\" allow=\"accelerometer; autoplay; encrypted-media; gyroscope; picture-in-picture\" allowfullscreen><\/iframe><\/p>\n<\/div>\n<\/div><\/div><div id=\"panel-51-1-1-1\" class=\"so-panel widget_sow-image panel-last-child\" data-index=\"3\" ><div\n\t\t\t\n\t\t\tclass=\"so-widget-sow-image so-widget-sow-image-default-8b5b6f678277-51\"\n\t\t\t\n\t\t>\n<div class=\"sow-image-container\">\n\t\t<img \n\tsrc=\"https:\/\/adsbb.pt\/web\/wp-content\/uploads\/2020\/07\/ADSBB_DAR_SANGUE.png\" width=\"684\" height=\"393\" srcset=\"https:\/\/adsbb.pt\/web\/wp-content\/uploads\/2020\/07\/ADSBB_DAR_SANGUE.png 684w, https:\/\/adsbb.pt\/web\/wp-content\/uploads\/2020\/07\/ADSBB_DAR_SANGUE-300x172.png 300w\" sizes=\"(max-width: 684px) 100vw, 684px\" alt=\"\" \t\tclass=\"so-widget-image\"\/>\n\t<\/div>\n\n<\/div><\/div><\/div><\/div><\/div>","protected":false},"excerpt":{"rendered":"<p>O que \u00e9 o Sangue? O sangue \u00e9 um tecido constitu\u00eddo por v\u00e1rias c\u00e9lulas sangu\u00edneas, suspensas num l\u00edquido chamado plasma. O plasma \u00e9 constitu\u00eddo por \u00e1gua, sais minerais, mol\u00e9culas hidrossol\u00faveis como por exemplo a glucose e prote\u00ednas. As c\u00e9lulas sangu\u00edneas s\u00e3o os Gl\u00f3bulos Vermelhos ou Eritr\u00f3citos, os Gl\u00f3bulos Brancos ou Leuc\u00f3citos e as Plaquetas. \u00c9 a medula \u00f3ssea que se encarrega da produ\u00e7\u00e3o das c\u00e9lulas sangu\u00edneas, as quais s\u00e3o constantemente &#8230; <\/p>\n<p class=\"read-more-container\"><a title=\"Sobre Dar Sangue\" class=\"read-more button\" href=\"https:\/\/adsbb.pt\/web\/dar-sangue\/#more-51\" aria-label=\"Leia mais sobre Sobre Dar Sangue\">Ler mais<\/a><\/p>\n","protected":false},"author":1,"featured_media":0,"parent":0,"menu_order":0,"comment_status":"closed","ping_status":"closed","template":"","meta":{"footnotes":""},"class_list":["post-51","page","type-page","status-publish"],"_links":{"self":[{"href":"https:\/\/adsbb.pt\/web\/wp-json\/wp\/v2\/pages\/51","targetHints":{"allow":["GET"]}}],"collection":[{"href":"https:\/\/adsbb.pt\/web\/wp-json\/wp\/v2\/pages"}],"about":[{"href":"https:\/\/adsbb.pt\/web\/wp-json\/wp\/v2\/types\/page"}],"author":[{"embeddable":true,"href":"https:\/\/adsbb.pt\/web\/wp-json\/wp\/v2\/users\/1"}],"replies":[{"embeddable":true,"href":"https:\/\/adsbb.pt\/web\/wp-json\/wp\/v2\/comments?post=51"}],"version-history":[{"count":48,"href":"https:\/\/adsbb.pt\/web\/wp-json\/wp\/v2\/pages\/51\/revisions"}],"predecessor-version":[{"id":646,"href":"https:\/\/adsbb.pt\/web\/wp-json\/wp\/v2\/pages\/51\/revisions\/646"}],"wp:attachment":[{"href":"https:\/\/adsbb.pt\/web\/wp-json\/wp\/v2\/media?parent=51"}],"curies":[{"name":"wp","href":"https:\/\/api.w.org\/{rel}","templated":true}]}}