{"id":30,"date":"2019-12-03T11:39:50","date_gmt":"2019-12-03T11:39:50","guid":{"rendered":"https:\/\/adsbb.pt\/web\/?page_id=30"},"modified":"2020-07-17T18:16:23","modified_gmt":"2020-07-17T18:16:23","slug":"instalacoes","status":"publish","type":"page","link":"https:\/\/adsbb.pt\/web\/instalacoes\/","title":{"rendered":"Instala\u00e7\u00f5es"},"content":{"rendered":"<div id=\"pl-30\"  class=\"panel-layout\" ><div id=\"pg-30-0\"  class=\"panel-grid panel-has-style\" ><div class=\"siteorigin-panels-stretch panel-row-style panel-row-style-for-30-0\" data-stretch-type=\"full-stretched\" ><div id=\"pgc-30-0-0\"  class=\"panel-grid-cell\" ><div id=\"panel-30-0-0-0\" class=\"so-panel widget_sow-slider panel-first-child panel-last-child\" data-index=\"0\" ><div\n\t\t\t\n\t\t\tclass=\"so-widget-sow-slider so-widget-sow-slider-default-6d39609536fd-30\"\n\t\t\t\n\t\t>\t\t\t\t<div class=\"sow-slider-base\" style=\"display: none\" tabindex=\"0\">\n\t\t\t\t\t<ul\n\t\t\t\t\tclass=\"sow-slider-images\"\n\t\t\t\t\tdata-settings=\"{&quot;pagination&quot;:true,&quot;speed&quot;:800,&quot;timeout&quot;:8000,&quot;paused&quot;:false,&quot;pause_on_hover&quot;:false,&quot;swipe&quot;:true,&quot;nav_always_show_desktop&quot;:&quot;&quot;,&quot;nav_always_show_mobile&quot;:&quot;&quot;,&quot;breakpoint&quot;:&quot;780px&quot;,&quot;unmute&quot;:false,&quot;anchor&quot;:null}\"\n\t\t\t\t\t\t\t\t\t\tdata-anchor-id=\"\"\n\t\t\t\t>\t\t<li class=\"sow-slider-image\" style=\"visibility: visible;\" >\n\t\t\t\t\t\t<img loading=\"lazy\" decoding=\"async\" width=\"2047\" height=\"700\" src=\"https:\/\/adsbb.pt\/web\/wp-content\/uploads\/2020\/07\/ADSBB_Banner_02-1.jpg\" class=\"sow-slider-background-image\" alt=\"\" style=\"\" srcset=\"https:\/\/adsbb.pt\/web\/wp-content\/uploads\/2020\/07\/ADSBB_Banner_02-1.jpg 2047w, https:\/\/adsbb.pt\/web\/wp-content\/uploads\/2020\/07\/ADSBB_Banner_02-1-300x103.jpg 300w, https:\/\/adsbb.pt\/web\/wp-content\/uploads\/2020\/07\/ADSBB_Banner_02-1-1024x350.jpg 1024w, https:\/\/adsbb.pt\/web\/wp-content\/uploads\/2020\/07\/ADSBB_Banner_02-1-768x263.jpg 768w, https:\/\/adsbb.pt\/web\/wp-content\/uploads\/2020\/07\/ADSBB_Banner_02-1-1536x525.jpg 1536w\" sizes=\"auto, (max-width: 2047px) 100vw, 2047px\" \/>\t\t<\/li>\n\t\t<\/ul>\t\t\t\t<ol class=\"sow-slider-pagination\">\n\t\t\t\t\t\t\t\t\t\t\t<li><a href=\"#\" data-goto=\"0\" aria-label=\"Display slide 1\"><\/a><\/li>\n\t\t\t\t\t\t\t\t\t<\/ol>\n\n\t\t\t\t<div class=\"sow-slide-nav sow-slide-nav-next\">\n\t\t\t\t\t<a href=\"#\" data-goto=\"next\" aria-label=\"Next slide\" data-action=\"next\">\n\t\t\t\t\t\t<em class=\"sow-sld-icon-thin-right\"><\/em>\n\t\t\t\t\t<\/a>\n\t\t\t\t<\/div>\n\n\t\t\t\t<div class=\"sow-slide-nav sow-slide-nav-prev\">\n\t\t\t\t\t<a href=\"#\" data-goto=\"previous\" aria-label=\"Previous slide\" data-action=\"prev\">\n\t\t\t\t\t\t<em class=\"sow-sld-icon-thin-left\"><\/em>\n\t\t\t\t\t<\/a>\n\t\t\t\t<\/div>\n\t\t\t\t<\/div><\/div><\/div><\/div><\/div><\/div><div id=\"pg-30-1\"  class=\"panel-grid panel-no-style\" ><div id=\"pgc-30-1-0\"  class=\"panel-grid-cell\" ><div id=\"panel-30-1-0-0\" class=\"so-panel widget_sow-editor panel-first-child panel-last-child\" data-index=\"1\" ><div\n\t\t\t\n\t\t\tclass=\"so-widget-sow-editor so-widget-sow-editor-base\"\n\t\t\t\n\t\t>\n<div class=\"siteorigin-widget-tinymce textwidget\">\n\t<h1><b>Instala\u00e7\u00f5es<\/b><\/h1>\n<p style=\"text-align: justify;\"><strong>Esta Associa\u00e7\u00e3o<\/strong> desempenhou a sua actividade durante 18 meses nas Instala\u00e7\u00f5es da Associa\u00e7\u00e3o de Reformados Pensionistas e Idosos \"O NORTE\". Contudo o sonho da Associa\u00e7\u00e3o, como o de qualquer cong\u00e9nere, era obviamente possuir uma Sede pr\u00f3pria.<\/p>\n<p style=\"text-align: justify;\"><strong>Este sonho<\/strong> depressa se concretizou. No topo Norte onde terminava a Associa\u00e7\u00e3o de Reformados, havia um pequeno espa\u00e7o que n\u00e3o fazia parte da mesma e n\u00e3o estava inclu\u00eddo no Parque Jos\u00e9 Afonso.<\/p>\n<p style=\"text-align: justify;\">Contactados os Presidentes da Junta de Freguesia da Baixa da Banheira e da C\u00e2mara Municipal da Moita, ambos concordaram com a ced\u00eancia daquele espa\u00e7o para a implanta\u00e7\u00e3o da Associa\u00e7\u00e3o.<\/p>\n<p style=\"text-align: justify;\">Depois de cedido o terreno, o Presidente da C\u00e2mara exigiu que a obra fosse enquadrada com o edif\u00edcio da Associa\u00e7\u00e3o de Reformados \"O Norte\". Passados 3 dias a Sede j\u00e1 estava a ser constru\u00edda pelo empreiteiro respons\u00e1vel pela constru\u00e7\u00e3o do parque e por alguns Dirigentes e Associados.<\/p>\n<p style=\"text-align: justify;\">Dezoito meses depois da Associa\u00e7\u00e3o ser criada, em Dezembro de 1993, toda a sua actividade era desenvolvida na nova sede, muito pequenina, apenas com uma \u00e1rea total de 30 m2 dividida em duas salas.<\/p>\n<p style=\"text-align: justify;\">Como foi referido anteriormente, o sonho de qualquer Associa\u00e7\u00e3o \u00e9 ter instala\u00e7\u00f5es dignas para o trabalho a desenvolver. No nosso caso precis\u00e1vamos de umas instala\u00e7\u00f5es que contemplassem um espa\u00e7o pr\u00f3prio para efectuar recolhas de sangue uma vez que \u00e9 esta a nossa actividade e simultaneamente permitissem desenvolver o nosso trabalho humanit\u00e1rio e receber com dignidade os nossos dadores, que s\u00e3o no fundo a principal raz\u00e3o de ser da nossa exist\u00eancia.<\/p>\n<p>Os esfor\u00e7os para a realiza\u00e7\u00e3o deste sonho come\u00e7aram a ser efectuados a partir de 1998.<\/p>\n<ul>\n<li>No ano seguinte a C\u00e2mara Municipal da Moita cedeu-nos uma parcela de terreno com 324M2 para a constru\u00e7\u00e3o da actual Sede Social.<\/li>\n<li>A escritura da ced\u00eancia do terreno foi feita em 14 de Dezembro de 2002.<\/li>\n<li>Os projectos para a nova Sede Social foram aprovados em Maio de 2004.<\/li>\n<li>Foram desenvolvidos esfor\u00e7os no sentido de obter ajuda financeira para a constru\u00e7\u00e3o da Sede, uma vez que esta Institui\u00e7\u00e3o n\u00e3o tem Fins lucrativos e n\u00e3o disp\u00f5e de recursos financeiros pr\u00f3prios.<\/li>\n<li>Fomos apoiados em 20% do custo total da obra por parte da C\u00e2mara Municipal da Moita e por parte do Instituto Portugu\u00eas do Sangue foi-nos atribu\u00eddo um subs\u00eddio de 50.000 euros.<\/li>\n<li>No dia 9 de Janeiro de 2006 deu-se in\u00edcio \u00e0 constru\u00e7\u00e3o da Nova Sede Social com a marca\u00e7\u00e3o da obra.<\/li>\n<li>Em 23 de Janeiro de 2003 o Presidente da C.M.M. e a Presidente da Direc\u00e7\u00e3o procederam ao assentamento do 1\u00ba tijolo<\/li>\n<li>As comemora\u00e7\u00f5es do 14\u00ba Anivers\u00e1rio da nossa Associa\u00e7\u00e3o foram realizadas 6 meses depois, em 18 de Junho de 2006, nas instala\u00e7\u00f5es (ainda em constru\u00e7\u00e3o) da futura Sede Social.<\/li>\n<li>Em 2 de Junho de 2007,foi realizado um almo\u00e7o pr\u00e9 inaugural com as entidades oficiais e os mecenas que tornaram poss\u00edvel a conclus\u00e3o da obra.<\/li>\n<li>A 10 de Junho de 2007, foi realizada a primeira colheita de sangue nas novas instala\u00e7\u00f5es.<\/li>\n<li>Finalmente, em 24 de Junho de 2007 (18 meses ap\u00f3s o seu inicio), foi inaugurada a Nova Sede Social da Associa\u00e7\u00e3o de Dadores de Sangue da Baixa da Banheira.<\/li>\n<\/ul>\n<p style=\"text-align: justify;\">Com este breve historial, a Associa\u00e7\u00e3o de Dadores de Sangue da Baixa da Banheira presta tamb\u00e9m uma sentida homenagem ao seu mentor, criador e fundador Ant\u00f3nio Cardoso da Rocha e a todos aqueles que o acompanharam nos primeiros passos desta prestigiada Institui\u00e7\u00e3o bem como \u00e0queles que dando continuidade ao seu trabalho tornaram poss\u00edvel a constru\u00e7\u00e3o da actual Sede Social.<\/p>\n<p style=\"text-align: justify;\">Bem hajam.<\/p>\n<p style=\"text-align: justify;\">\n<\/div>\n<\/div><\/div><\/div><div id=\"pgc-30-1-1\"  class=\"panel-grid-cell\" ><div id=\"panel-30-1-1-0\" class=\"so-panel widget_sow-editor panel-first-child\" data-index=\"2\" ><div\n\t\t\t\n\t\t\tclass=\"so-widget-sow-editor so-widget-sow-editor-base\"\n\t\t\t\n\t\t>\n<div class=\"siteorigin-widget-tinymce textwidget\">\n\t<p><iframe loading=\"lazy\" width=\"560\" height=\"315\" src=\"https:\/\/www.youtube.com\/embed\/N5Ga9dQQh-c\" frameborder=\"0\" allow=\"accelerometer; autoplay; encrypted-media; gyroscope; picture-in-picture\" allowfullscreen><\/iframe><\/p>\n<\/div>\n<\/div><\/div><div id=\"panel-30-1-1-1\" class=\"so-panel widget_sow-image\" data-index=\"3\" ><div\n\t\t\t\n\t\t\tclass=\"so-widget-sow-image so-widget-sow-image-default-c67d20f9f743-30\"\n\t\t\t\n\t\t>\n<div class=\"sow-image-container\">\n\t\t<img \n\tsrc=\"https:\/\/adsbb.pt\/web\/wp-content\/uploads\/2019\/12\/ADSBB_Construcao_01_big.jpg\" width=\"600\" height=\"393\" srcset=\"https:\/\/adsbb.pt\/web\/wp-content\/uploads\/2019\/12\/ADSBB_Construcao_01_big.jpg 600w, https:\/\/adsbb.pt\/web\/wp-content\/uploads\/2019\/12\/ADSBB_Construcao_01_big-300x197.jpg 300w\" sizes=\"(max-width: 600px) 100vw, 600px\" alt=\"\" \t\tclass=\"so-widget-image\"\/>\n\t<\/div>\n\n<\/div><\/div><div id=\"panel-30-1-1-2\" class=\"so-panel widget_sow-image\" data-index=\"4\" ><div\n\t\t\t\n\t\t\tclass=\"so-widget-sow-image so-widget-sow-image-default-c67d20f9f743-30\"\n\t\t\t\n\t\t>\n<div class=\"sow-image-container\">\n\t\t<img \n\tsrc=\"https:\/\/adsbb.pt\/web\/wp-content\/uploads\/2019\/12\/ADSBB_Construcao_02_big.jpg\" width=\"600\" height=\"447\" srcset=\"https:\/\/adsbb.pt\/web\/wp-content\/uploads\/2019\/12\/ADSBB_Construcao_02_big.jpg 600w, https:\/\/adsbb.pt\/web\/wp-content\/uploads\/2019\/12\/ADSBB_Construcao_02_big-300x224.jpg 300w\" sizes=\"(max-width: 600px) 100vw, 600px\" alt=\"\" \t\tclass=\"so-widget-image\"\/>\n\t<\/div>\n\n<\/div><\/div><div id=\"panel-30-1-1-3\" class=\"so-panel widget_sow-image\" data-index=\"5\" ><div\n\t\t\t\n\t\t\tclass=\"so-widget-sow-image so-widget-sow-image-default-c67d20f9f743-30\"\n\t\t\t\n\t\t>\n<div class=\"sow-image-container\">\n\t\t<img \n\tsrc=\"https:\/\/adsbb.pt\/web\/wp-content\/uploads\/2019\/12\/ADSBB_Construcao_03_big.jpg\" width=\"600\" height=\"450\" srcset=\"https:\/\/adsbb.pt\/web\/wp-content\/uploads\/2019\/12\/ADSBB_Construcao_03_big.jpg 600w, https:\/\/adsbb.pt\/web\/wp-content\/uploads\/2019\/12\/ADSBB_Construcao_03_big-300x225.jpg 300w\" sizes=\"(max-width: 600px) 100vw, 600px\" alt=\"\" \t\tclass=\"so-widget-image\"\/>\n\t<\/div>\n\n<\/div><\/div><div id=\"panel-30-1-1-4\" class=\"so-panel widget_sow-image panel-last-child\" data-index=\"6\" ><div\n\t\t\t\n\t\t\tclass=\"so-widget-sow-image so-widget-sow-image-default-c67d20f9f743-30\"\n\t\t\t\n\t\t>\n<div class=\"sow-image-container\">\n\t\t<img \n\tsrc=\"https:\/\/adsbb.pt\/web\/wp-content\/uploads\/2019\/12\/ADSBB_Construcao_06_big.jpg\" width=\"600\" height=\"450\" srcset=\"https:\/\/adsbb.pt\/web\/wp-content\/uploads\/2019\/12\/ADSBB_Construcao_06_big.jpg 600w, https:\/\/adsbb.pt\/web\/wp-content\/uploads\/2019\/12\/ADSBB_Construcao_06_big-300x225.jpg 300w\" sizes=\"(max-width: 600px) 100vw, 600px\" alt=\"\" \t\tclass=\"so-widget-image\"\/>\n\t<\/div>\n\n<\/div><\/div><\/div><\/div><\/div>","protected":false},"excerpt":{"rendered":"<p>Instala\u00e7\u00f5es Esta Associa\u00e7\u00e3o desempenhou a sua actividade durante 18 meses nas Instala\u00e7\u00f5es da Associa\u00e7\u00e3o de Reformados Pensionistas e Idosos &#8220;O NORTE&#8221;. Contudo o sonho da Associa\u00e7\u00e3o, como o de qualquer cong\u00e9nere, era obviamente possuir uma Sede pr\u00f3pria. Este sonho depressa se concretizou. No topo Norte onde terminava a Associa\u00e7\u00e3o de Reformados, havia um pequeno espa\u00e7o que n\u00e3o fazia parte da mesma e n\u00e3o estava inclu\u00eddo no Parque Jos\u00e9 Afonso. Contactados &#8230; <\/p>\n<p class=\"read-more-container\"><a title=\"Instala\u00e7\u00f5es\" class=\"read-more button\" href=\"https:\/\/adsbb.pt\/web\/instalacoes\/#more-30\" aria-label=\"Leia mais sobre Instala\u00e7\u00f5es\">Ler mais<\/a><\/p>\n","protected":false},"author":1,"featured_media":0,"parent":0,"menu_order":0,"comment_status":"closed","ping_status":"closed","template":"","meta":{"footnotes":""},"class_list":["post-30","page","type-page","status-publish"],"_links":{"self":[{"href":"https:\/\/adsbb.pt\/web\/wp-json\/wp\/v2\/pages\/30","targetHints":{"allow":["GET"]}}],"collection":[{"href":"https:\/\/adsbb.pt\/web\/wp-json\/wp\/v2\/pages"}],"about":[{"href":"https:\/\/adsbb.pt\/web\/wp-json\/wp\/v2\/types\/page"}],"author":[{"embeddable":true,"href":"https:\/\/adsbb.pt\/web\/wp-json\/wp\/v2\/users\/1"}],"replies":[{"embeddable":true,"href":"https:\/\/adsbb.pt\/web\/wp-json\/wp\/v2\/comments?post=30"}],"version-history":[{"count":91,"href":"https:\/\/adsbb.pt\/web\/wp-json\/wp\/v2\/pages\/30\/revisions"}],"predecessor-version":[{"id":604,"href":"https:\/\/adsbb.pt\/web\/wp-json\/wp\/v2\/pages\/30\/revisions\/604"}],"wp:attachment":[{"href":"https:\/\/adsbb.pt\/web\/wp-json\/wp\/v2\/media?parent=30"}],"curies":[{"name":"wp","href":"https:\/\/api.w.org\/{rel}","templated":true}]}}