{"id":24,"date":"2019-12-03T11:37:56","date_gmt":"2019-12-03T11:37:56","guid":{"rendered":"https:\/\/adsbb.pt\/web\/?page_id=24"},"modified":"2025-04-11T10:28:03","modified_gmt":"2025-04-11T10:28:03","slug":"contactos","status":"publish","type":"page","link":"https:\/\/adsbb.pt\/web\/contactos\/","title":{"rendered":"Contactos"},"content":{"rendered":"<div id=\"pl-24\"  class=\"panel-layout\" ><div id=\"pg-24-0\"  class=\"panel-grid panel-no-style\" ><div id=\"pgc-24-0-0\"  class=\"panel-grid-cell\" ><\/div><\/div><div id=\"pg-24-1\"  class=\"panel-grid panel-no-style\" ><div id=\"pgc-24-1-0\"  class=\"panel-grid-cell\" ><div id=\"panel-24-1-0-0\" class=\"so-panel widget_sow-editor panel-first-child panel-last-child\" data-index=\"1\" ><div\n\t\t\t\n\t\t\tclass=\"so-widget-sow-editor so-widget-sow-editor-base\"\n\t\t\t\n\t\t>\n<div class=\"siteorigin-widget-tinymce textwidget\">\n\t<h1><strong>Contactos<\/strong><\/h1>\n<h2>Associa\u00e7\u00e3o de Dadores de Sangue da Baixa da Banheira<\/h2>\n<p>Avenida Capit\u00e3es de Abril, 29 - 2835-022 Baixa da Banheira<\/p>\n<p><strong><a href=\"https:\/\/www.google.pt\/maps\/place\/38%C2%B039'46.1%22N+9%C2%B002'34.9%22W\/@38.662818,-9.0435742,226m\/data=!3m2!1e3!4b1!4m14!1m7!4m6!1m3!2m2!1d-9.0430346!2d38.6628196!1m0!3e0!3m5!1s0x0:0x0!7e2!8m2!3d38.6628175!4d-9.0430265\" target=\"_blank\" rel=\"noopener\">Ver localiza\u00e7\u00e3o Google Maps<\/a><\/strong><\/p>\n<p><b>Telem\u00f3vel:<\/b> +351 928 064 693<\/p>\n<p><b>Email:<\/b> <a href=\"mailto:geral@adsbb.pt\"><b>geral@adsbb.pt<\/b><\/a><\/p>\n<p>&nbsp;<\/p>\n<p>&nbsp;<\/p>\n<\/div>\n<\/div><\/div><\/div><div id=\"pgc-24-1-1\"  class=\"panel-grid-cell\" ><div id=\"panel-24-1-1-0\" class=\"so-panel widget_sow-image panel-first-child panel-last-child\" data-index=\"2\" ><div\n\t\t\t\n\t\t\tclass=\"so-widget-sow-image so-widget-sow-image-default-8b5b6f678277-24\"\n\t\t\t\n\t\t>\n<div class=\"sow-image-container\">\n\t\t<img \n\tsrc=\"https:\/\/adsbb.pt\/web\/wp-content\/uploads\/2019\/12\/ADSBB_Construcao_08_big.jpg\" width=\"600\" height=\"392\" srcset=\"https:\/\/adsbb.pt\/web\/wp-content\/uploads\/2019\/12\/ADSBB_Construcao_08_big.jpg 600w, https:\/\/adsbb.pt\/web\/wp-content\/uploads\/2019\/12\/ADSBB_Construcao_08_big-300x196.jpg 300w\" sizes=\"(max-width: 600px) 100vw, 600px\" alt=\"\" \t\tclass=\"so-widget-image\"\/>\n\t<\/div>\n\n<\/div><\/div><\/div><\/div><\/div>","protected":false},"excerpt":{"rendered":"<p>Contactos Associa\u00e7\u00e3o de Dadores de Sangue da Baixa da Banheira Avenida Capit\u00e3es de Abril, 29 &#8211; 2835-022 Baixa da Banheira Ver localiza\u00e7\u00e3o Google Maps Telem\u00f3vel: +351 928 064 693 Email: geral@adsbb.pt &nbsp; &nbsp;<\/p>\n","protected":false},"author":1,"featured_media":0,"parent":0,"menu_order":0,"comment_status":"closed","ping_status":"closed","template":"","meta":{"footnotes":""},"class_list":["post-24","page","type-page","status-publish"],"_links":{"self":[{"href":"https:\/\/adsbb.pt\/web\/wp-json\/wp\/v2\/pages\/24","targetHints":{"allow":["GET"]}}],"collection":[{"href":"https:\/\/adsbb.pt\/web\/wp-json\/wp\/v2\/pages"}],"about":[{"href":"https:\/\/adsbb.pt\/web\/wp-json\/wp\/v2\/types\/page"}],"author":[{"embeddable":true,"href":"https:\/\/adsbb.pt\/web\/wp-json\/wp\/v2\/users\/1"}],"replies":[{"embeddable":true,"href":"https:\/\/adsbb.pt\/web\/wp-json\/wp\/v2\/comments?post=24"}],"version-history":[{"count":46,"href":"https:\/\/adsbb.pt\/web\/wp-json\/wp\/v2\/pages\/24\/revisions"}],"predecessor-version":[{"id":728,"href":"https:\/\/adsbb.pt\/web\/wp-json\/wp\/v2\/pages\/24\/revisions\/728"}],"wp:attachment":[{"href":"https:\/\/adsbb.pt\/web\/wp-json\/wp\/v2\/media?parent=24"}],"curies":[{"name":"wp","href":"https:\/\/api.w.org\/{rel}","templated":true}]}}