{"id":12,"date":"2019-12-03T11:30:19","date_gmt":"2019-12-03T11:30:19","guid":{"rendered":"https:\/\/adsbb.pt\/web\/?page_id=12"},"modified":"2026-04-16T11:10:15","modified_gmt":"2026-04-16T11:10:15","slug":"inicio","status":"publish","type":"page","link":"https:\/\/adsbb.pt\/web\/","title":{"rendered":"In\u00edcio"},"content":{"rendered":"<div id=\"pl-12\"  class=\"panel-layout\" ><div id=\"pg-12-0\"  class=\"panel-grid panel-has-style\" ><div class=\"siteorigin-panels-stretch panel-row-style panel-row-style-for-12-0\" data-stretch-type=\"full-width-stretch\" ><div id=\"pgc-12-0-0\"  class=\"panel-grid-cell\" ><div id=\"panel-12-0-0-0\" class=\"so-panel widget_sow-slider panel-first-child panel-last-child\" data-index=\"0\" ><div\n\t\t\t\n\t\t\tclass=\"so-widget-sow-slider so-widget-sow-slider-default-6d39609536fd-12\"\n\t\t\t\n\t\t>\t\t\t\t<div class=\"sow-slider-base\" style=\"display: none\" tabindex=\"0\">\n\t\t\t\t\t<ul\n\t\t\t\t\tclass=\"sow-slider-images\"\n\t\t\t\t\tdata-settings=\"{&quot;pagination&quot;:true,&quot;speed&quot;:800,&quot;timeout&quot;:8000,&quot;paused&quot;:false,&quot;pause_on_hover&quot;:false,&quot;swipe&quot;:true,&quot;nav_always_show_desktop&quot;:&quot;&quot;,&quot;nav_always_show_mobile&quot;:&quot;&quot;,&quot;breakpoint&quot;:&quot;780px&quot;,&quot;unmute&quot;:false,&quot;anchor&quot;:null}\"\n\t\t\t\t\t\t\t\t\t\tdata-anchor-id=\"\"\n\t\t\t\t>\t\t<li class=\"sow-slider-image\" style=\"visibility: visible;\" >\n\t\t\t\t\t\t<img loading=\"lazy\" decoding=\"async\" width=\"2047\" height=\"700\" src=\"https:\/\/adsbb.pt\/web\/wp-content\/uploads\/2020\/07\/ADSBB_Banner_02-1.jpg\" class=\"sow-slider-background-image\" alt=\"\" style=\"\" srcset=\"https:\/\/adsbb.pt\/web\/wp-content\/uploads\/2020\/07\/ADSBB_Banner_02-1.jpg 2047w, https:\/\/adsbb.pt\/web\/wp-content\/uploads\/2020\/07\/ADSBB_Banner_02-1-300x103.jpg 300w, https:\/\/adsbb.pt\/web\/wp-content\/uploads\/2020\/07\/ADSBB_Banner_02-1-1024x350.jpg 1024w, https:\/\/adsbb.pt\/web\/wp-content\/uploads\/2020\/07\/ADSBB_Banner_02-1-768x263.jpg 768w, https:\/\/adsbb.pt\/web\/wp-content\/uploads\/2020\/07\/ADSBB_Banner_02-1-1536x525.jpg 1536w\" sizes=\"auto, (max-width: 2047px) 100vw, 2047px\" \/>\t\t<\/li>\n\t\t\t\t<li class=\"sow-slider-image\" style=\"visibility: hidden;\" >\n\t\t\t\t\t\t<img loading=\"lazy\" decoding=\"async\" width=\"2108\" height=\"700\" src=\"https:\/\/adsbb.pt\/web\/wp-content\/uploads\/2020\/07\/ADSBB_Banner_06.jpg\" class=\"sow-slider-background-image\" alt=\"\" style=\"\" srcset=\"https:\/\/adsbb.pt\/web\/wp-content\/uploads\/2020\/07\/ADSBB_Banner_06.jpg 2108w, https:\/\/adsbb.pt\/web\/wp-content\/uploads\/2020\/07\/ADSBB_Banner_06-300x100.jpg 300w, https:\/\/adsbb.pt\/web\/wp-content\/uploads\/2020\/07\/ADSBB_Banner_06-1024x340.jpg 1024w, https:\/\/adsbb.pt\/web\/wp-content\/uploads\/2020\/07\/ADSBB_Banner_06-768x255.jpg 768w, https:\/\/adsbb.pt\/web\/wp-content\/uploads\/2020\/07\/ADSBB_Banner_06-1536x510.jpg 1536w, https:\/\/adsbb.pt\/web\/wp-content\/uploads\/2020\/07\/ADSBB_Banner_06-2048x680.jpg 2048w\" sizes=\"auto, (max-width: 2108px) 100vw, 2108px\" \/>\t\t<\/li>\n\t\t\t\t<li class=\"sow-slider-image\" style=\"visibility: hidden;\" >\n\t\t\t\t\t\t<img loading=\"lazy\" decoding=\"async\" width=\"2048\" height=\"700\" src=\"https:\/\/adsbb.pt\/web\/wp-content\/uploads\/2020\/07\/ADSBB_Banner_03-1.jpg\" class=\"sow-slider-background-image\" alt=\"\" style=\"\" srcset=\"https:\/\/adsbb.pt\/web\/wp-content\/uploads\/2020\/07\/ADSBB_Banner_03-1.jpg 2048w, https:\/\/adsbb.pt\/web\/wp-content\/uploads\/2020\/07\/ADSBB_Banner_03-1-300x103.jpg 300w, https:\/\/adsbb.pt\/web\/wp-content\/uploads\/2020\/07\/ADSBB_Banner_03-1-1024x350.jpg 1024w, https:\/\/adsbb.pt\/web\/wp-content\/uploads\/2020\/07\/ADSBB_Banner_03-1-768x263.jpg 768w, https:\/\/adsbb.pt\/web\/wp-content\/uploads\/2020\/07\/ADSBB_Banner_03-1-1536x525.jpg 1536w\" sizes=\"auto, (max-width: 2048px) 100vw, 2048px\" \/>\t\t<\/li>\n\t\t\t\t<li class=\"sow-slider-image\" style=\"visibility: hidden;\" >\n\t\t\t\t\t\t<img loading=\"lazy\" decoding=\"async\" width=\"2048\" height=\"700\" src=\"https:\/\/adsbb.pt\/web\/wp-content\/uploads\/2020\/07\/ADSBB_Banner_04-1.jpg\" class=\"sow-slider-background-image\" alt=\"\" style=\"\" srcset=\"https:\/\/adsbb.pt\/web\/wp-content\/uploads\/2020\/07\/ADSBB_Banner_04-1.jpg 2048w, https:\/\/adsbb.pt\/web\/wp-content\/uploads\/2020\/07\/ADSBB_Banner_04-1-300x103.jpg 300w, https:\/\/adsbb.pt\/web\/wp-content\/uploads\/2020\/07\/ADSBB_Banner_04-1-1024x350.jpg 1024w, https:\/\/adsbb.pt\/web\/wp-content\/uploads\/2020\/07\/ADSBB_Banner_04-1-768x263.jpg 768w, https:\/\/adsbb.pt\/web\/wp-content\/uploads\/2020\/07\/ADSBB_Banner_04-1-1536x525.jpg 1536w\" sizes=\"auto, (max-width: 2048px) 100vw, 2048px\" \/>\t\t<\/li>\n\t\t\t\t<li class=\"sow-slider-image\" style=\"visibility: hidden;\" >\n\t\t\t\t\t\t<img loading=\"lazy\" decoding=\"async\" width=\"2047\" height=\"700\" src=\"https:\/\/adsbb.pt\/web\/wp-content\/uploads\/2020\/07\/ADSBB_Banner_05-1.jpg\" class=\"sow-slider-background-image\" alt=\"\" style=\"\" srcset=\"https:\/\/adsbb.pt\/web\/wp-content\/uploads\/2020\/07\/ADSBB_Banner_05-1.jpg 2047w, https:\/\/adsbb.pt\/web\/wp-content\/uploads\/2020\/07\/ADSBB_Banner_05-1-300x103.jpg 300w, https:\/\/adsbb.pt\/web\/wp-content\/uploads\/2020\/07\/ADSBB_Banner_05-1-1024x350.jpg 1024w, https:\/\/adsbb.pt\/web\/wp-content\/uploads\/2020\/07\/ADSBB_Banner_05-1-768x263.jpg 768w, https:\/\/adsbb.pt\/web\/wp-content\/uploads\/2020\/07\/ADSBB_Banner_05-1-1536x525.jpg 1536w\" sizes=\"auto, (max-width: 2047px) 100vw, 2047px\" \/>\t\t<\/li>\n\t\t<\/ul>\t\t\t\t<ol class=\"sow-slider-pagination\">\n\t\t\t\t\t\t\t\t\t\t\t<li><a href=\"#\" data-goto=\"0\" aria-label=\"Display slide 1\"><\/a><\/li>\n\t\t\t\t\t\t\t\t\t\t\t<li><a href=\"#\" data-goto=\"1\" aria-label=\"Display slide 2\"><\/a><\/li>\n\t\t\t\t\t\t\t\t\t\t\t<li><a href=\"#\" data-goto=\"2\" aria-label=\"Display slide 3\"><\/a><\/li>\n\t\t\t\t\t\t\t\t\t\t\t<li><a href=\"#\" data-goto=\"3\" aria-label=\"Display slide 4\"><\/a><\/li>\n\t\t\t\t\t\t\t\t\t\t\t<li><a href=\"#\" data-goto=\"4\" aria-label=\"Display slide 5\"><\/a><\/li>\n\t\t\t\t\t\t\t\t\t<\/ol>\n\n\t\t\t\t<div class=\"sow-slide-nav sow-slide-nav-next\">\n\t\t\t\t\t<a href=\"#\" data-goto=\"next\" aria-label=\"Next slide\" data-action=\"next\">\n\t\t\t\t\t\t<em class=\"sow-sld-icon-thin-right\"><\/em>\n\t\t\t\t\t<\/a>\n\t\t\t\t<\/div>\n\n\t\t\t\t<div class=\"sow-slide-nav sow-slide-nav-prev\">\n\t\t\t\t\t<a href=\"#\" data-goto=\"previous\" aria-label=\"Previous slide\" data-action=\"prev\">\n\t\t\t\t\t\t<em class=\"sow-sld-icon-thin-left\"><\/em>\n\t\t\t\t\t<\/a>\n\t\t\t\t<\/div>\n\t\t\t\t<\/div><\/div><\/div><\/div><\/div><\/div><div id=\"pg-12-1\"  class=\"panel-grid panel-no-style\" ><div id=\"pgc-12-1-0\"  class=\"panel-grid-cell\" ><div id=\"panel-12-1-0-0\" class=\"so-panel widget_sow-editor panel-first-child panel-last-child\" data-index=\"1\" ><div\n\t\t\t\n\t\t\tclass=\"so-widget-sow-editor so-widget-sow-editor-base\"\n\t\t\t\n\t\t>\n<div class=\"siteorigin-widget-tinymce textwidget\">\n\t<h1 style=\"text-align: center;\">Bem-Vindo<\/h1>\n<h2 style=\"text-align: center;\"><b>Associa\u00e7\u00e3o de Dadores de Sangue da Baixa da Banheira<\/b><\/h2>\n<p style=\"text-align: center;\">O sangue \u00e9 essencial \u00e0 vida e como \u00e9 sabido n\u00e3o se fabrica, \u00e9 gra\u00e7as ao gesto altru\u00edsta e desinteressado dos Dadores de Sangue que milh\u00f5es de vidas s\u00e3o salvas diariamente em todo o mundo. Infelizmente nem todos podemos dar sangue, por\u00e9m todos somos s\u00e9rios candidatos a um dia termos que o receber.<\/p>\n<hr \/>\n<p>&nbsp;<\/p>\n<\/div>\n<\/div><\/div><\/div><\/div><div id=\"pg-12-2\"  class=\"panel-grid panel-has-style\" ><div class=\"panel-row-style panel-row-style-for-12-2\" ><div id=\"pgc-12-2-0\"  class=\"panel-grid-cell\" ><div id=\"panel-12-2-0-0\" class=\"so-panel widget_sow-editor panel-first-child panel-last-child\" data-index=\"2\" ><div\n\t\t\t\n\t\t\tclass=\"so-widget-sow-editor so-widget-sow-editor-base\"\n\t\t\t\n\t\t>\n<div class=\"siteorigin-widget-tinymce textwidget\">\n\t<hr \/>\n<h1 style=\"text-align: center;\">DATA DAS PR\u00d3XIMAS RECOLHAS<\/h1>\n<div style=\"text-align: center;\">\n<p><strong>DATA: 09\/05\/2026 - S\u00c1BADO<\/strong><br \/>\nLOCAL: CHBM - HOSPITAL DO BARREIRO<br \/>\nHOR\u00c1RIO: 9h \u00e0s 12h<\/p>\n<p><strong>DATA: 21\/06\/2026 - DOMINGO<\/strong><br \/>\nLOCAL: CHBM - ADSBB<br \/>\nHOR\u00c1RIO: 9h \u00e0s 13h<\/p>\n<p><strong>DATA: 25\/07\/2026 - S\u00c1BADO<\/strong><br \/>\nLOCAL: CHBM - HOSPITAL DO BARREIRO<br \/>\nHOR\u00c1RIO: 9h \u00e0s 12h<\/p>\n<p><strong>DATA: 19\/09\/2026 - S\u00c1BADO<\/strong><br \/>\nLOCAL: CHBM - ADSBB<br \/>\nHOR\u00c1RIO: 15h \u00e0s 19h<\/p>\n<p><strong>DATA: 24\/10\/2026 - S\u00c1BADO<\/strong><br \/>\nLOCAL: CHBM - HOSPITAL DO BARREIRO<br \/>\nHOR\u00c1RIO: 9h \u00e0s 12h<\/p>\n<p><strong>DATA: 13\/12\/2026 - DOMINGO<\/strong><br \/>\nLOCAL: CHBM - ADSBB<br \/>\nHOR\u00c1RIO: 9h \u00e0s 13h<\/p>\n<\/div>\n<\/div>\n<\/div><\/div><\/div><\/div><\/div><div id=\"pg-12-3\"  class=\"panel-grid panel-has-style\" ><div class=\"panel-row-style panel-row-style-for-12-3\" ><div id=\"pgc-12-3-0\"  class=\"panel-grid-cell\" ><div id=\"panel-12-3-0-0\" class=\"so-panel widget_sow-editor panel-first-child\" data-index=\"3\" ><div\n\t\t\t\n\t\t\tclass=\"so-widget-sow-editor so-widget-sow-editor-base\"\n\t\t\t\n\t\t>\n<div class=\"siteorigin-widget-tinymce textwidget\">\n\t<p><iframe loading=\"lazy\" width=\"560\" height=\"315\" src=\"https:\/\/www.youtube.com\/embed\/wSyb9Dp3hBQ\" frameborder=\"0\" allow=\"accelerometer; autoplay; encrypted-media; gyroscope; picture-in-picture\" allowfullscreen><\/iframe><\/p>\n<\/div>\n<\/div><\/div><div id=\"panel-12-3-0-1\" class=\"so-panel widget_sow-editor panel-last-child\" data-index=\"4\" ><div class=\"panel-widget-style panel-widget-style-for-12-3-0-1\" ><div\n\t\t\t\n\t\t\tclass=\"so-widget-sow-editor so-widget-sow-editor-base\"\n\t\t\t\n\t\t>\n<div class=\"siteorigin-widget-tinymce textwidget\">\n\t<p>Dar Sangue \u00e9 dar Vida por isso a <a href=\"https:\/\/bxbtv.pt\/\" target=\"_blank\" rel=\"noopener\">BxB TV<\/a>, e em dia de d\u00e1diva de Sangue na Associa\u00e7\u00e3o de Dadores de Sangue da Baixa da Banheira, efectuou uma pequena reportagem nas instala\u00e7\u00f5es da referida Associa\u00e7\u00e3o.<\/p>\n<\/div>\n<\/div><\/div><\/div><\/div><div id=\"pgc-12-3-1\"  class=\"panel-grid-cell\" ><div id=\"panel-12-3-1-0\" class=\"so-panel widget_sow-editor panel-first-child\" data-index=\"5\" ><div\n\t\t\t\n\t\t\tclass=\"so-widget-sow-editor so-widget-sow-editor-base\"\n\t\t\t\n\t\t>\n<div class=\"siteorigin-widget-tinymce textwidget\">\n\t<p><iframe loading=\"lazy\" width=\"560\" height=\"315\" src=\"https:\/\/www.youtube.com\/embed\/sMEAVPVRpbg\" frameborder=\"0\" allow=\"accelerometer; autoplay; encrypted-media; gyroscope; picture-in-picture\" allowfullscreen><\/iframe><\/p>\n<\/div>\n<\/div><\/div><div id=\"panel-12-3-1-1\" class=\"so-panel widget_sow-editor panel-last-child\" data-index=\"6\" ><div class=\"panel-widget-style panel-widget-style-for-12-3-1-1\" ><div\n\t\t\t\n\t\t\tclass=\"so-widget-sow-editor so-widget-sow-editor-base\"\n\t\t\t\n\t\t>\n<div class=\"siteorigin-widget-tinymce textwidget\">\n\t<p>1\u00ba. Anivers\u00e1rio da ADSBB - Associa\u00e7\u00e3o Dadores de Sangue da Baixa da Banheira, dia 22 de Novembro de 1992. (Cr\u00e9ditos no V\u00eddeo).<\/p>\n<\/div>\n<\/div><\/div><\/div><\/div><div id=\"pgc-12-3-2\"  class=\"panel-grid-cell\" ><div id=\"panel-12-3-2-0\" class=\"so-panel widget_sow-editor panel-first-child\" data-index=\"7\" ><div\n\t\t\t\n\t\t\tclass=\"so-widget-sow-editor so-widget-sow-editor-base\"\n\t\t\t\n\t\t>\n<div class=\"siteorigin-widget-tinymce textwidget\">\n\t<p><iframe loading=\"lazy\" width=\"560\" height=\"315\" src=\"https:\/\/www.youtube.com\/embed\/_m809_OIGjE\" frameborder=\"0\" allow=\"accelerometer; autoplay; encrypted-media; gyroscope; picture-in-picture\" allowfullscreen><\/iframe><\/p>\n<\/div>\n<\/div><\/div><div id=\"panel-12-3-2-1\" class=\"so-panel widget_sow-editor panel-last-child\" data-index=\"8\" ><div class=\"panel-widget-style panel-widget-style-for-12-3-2-1\" ><div\n\t\t\t\n\t\t\tclass=\"so-widget-sow-editor so-widget-sow-editor-base\"\n\t\t\t\n\t\t>\n<div class=\"siteorigin-widget-tinymce textwidget\">\n\t<p>Sess\u00e3o solene comemorativa dos 25 anos da ADSBB - Associa\u00e7\u00e3o de Dadores de Sangue da Baixa da Banheira.<\/p>\n<\/div>\n<\/div><\/div><\/div><\/div><\/div><\/div><div id=\"pg-12-4\"  class=\"panel-grid panel-has-style\" ><div class=\"panel-row-style panel-row-style-for-12-4\" ><div id=\"pgc-12-4-0\"  class=\"panel-grid-cell\" ><div id=\"panel-12-4-0-0\" class=\"so-panel widget_sow-editor panel-first-child panel-last-child\" data-index=\"9\" ><div\n\t\t\t\n\t\t\tclass=\"so-widget-sow-editor so-widget-sow-editor-base\"\n\t\t\t\n\t\t>\n<div class=\"siteorigin-widget-tinymce textwidget\">\n\t<hr \/>\n<h1 style=\"text-align: center;\">Junte-se \u00e0queles que dando um pouco de si contribuem muito para a felicidade dos outros. D\u00ea Sangue.<br \/>\nSeja mais um her\u00f3i.<\/h1>\n<p style=\"text-align: center;\">As actuais instala\u00e7\u00f5es disp\u00f5em de todas as condi\u00e7\u00f5es necess\u00e1rias e s\u00e3o compostas por um sal\u00e3o com 140M2 para efectuar recolhas de sangue, dois gabinetes m\u00e9dicos, Gabinete da Direc\u00e7\u00e3o, secretaria, \u00e1rea administrativa, instala\u00e7\u00f5es sanit\u00e1rias, logradouro, cozinha e uma sala de refei\u00e7\u00f5es p\u00f3s d\u00e1diva.<\/p>\n<hr \/>\n<\/div>\n<\/div><\/div><\/div><\/div><\/div><div id=\"pg-12-5\"  class=\"panel-grid panel-no-style\" ><div id=\"pgc-12-5-0\"  class=\"panel-grid-cell\" ><div id=\"panel-12-5-0-0\" class=\"so-panel widget_sow-image panel-first-child\" data-index=\"10\" ><div\n\t\t\t\n\t\t\tclass=\"so-widget-sow-image so-widget-sow-image-default-113ccd71f3e6-12\"\n\t\t\t\n\t\t>\n<div class=\"sow-image-container\">\n\t\t<img \n\tsrc=\"https:\/\/adsbb.pt\/web\/wp-content\/uploads\/2019\/12\/icon_01-150x150.png\" width=\"150\" height=\"150\" srcset=\"https:\/\/adsbb.pt\/web\/wp-content\/uploads\/2019\/12\/icon_01-150x150.png 150w, https:\/\/adsbb.pt\/web\/wp-content\/uploads\/2019\/12\/icon_01-300x300.png 300w, https:\/\/adsbb.pt\/web\/wp-content\/uploads\/2019\/12\/icon_01.png 601w\" sizes=\"(max-width: 150px) 100vw, 150px\" alt=\"\" \t\tclass=\"so-widget-image\"\/>\n\t<\/div>\n\n<\/div><\/div><div id=\"panel-12-5-0-1\" class=\"so-panel widget_sow-editor\" data-index=\"11\" ><div class=\"panel-widget-style panel-widget-style-for-12-5-0-1\" ><div\n\t\t\t\n\t\t\tclass=\"so-widget-sow-editor so-widget-sow-editor-base\"\n\t\t\t\n\t\t>\n<div class=\"siteorigin-widget-tinymce textwidget\">\n\t<p style=\"text-align: center;\"><strong>CONHE\u00c7A A NOSSA HIST\u00d3RIA<\/strong><\/p>\n<\/div>\n<\/div><\/div><\/div><div id=\"panel-12-5-0-2\" class=\"so-panel widget_sow-button panel-last-child\" data-index=\"12\" ><div class=\"panel-widget-style panel-widget-style-for-12-5-0-2\" ><div\n\t\t\t\n\t\t\tclass=\"so-widget-sow-button so-widget-sow-button-flat-ca8181ffa3f6-12\"\n\t\t\t\n\t\t><div class=\"ow-button-base ow-button-align-center\"\n>\n\t\t\t<a\n\t\t\t\t\thref=\"https:\/\/adsbb.pt\/web\/quem-somos\/\"\n\t\t\t\t\tclass=\"sowb-button ow-icon-placement-left ow-button-hover\" \t>\n\t\t<span>\n\t\t\t\n\t\t\tSaber Mais \t\t<\/span>\n\t\t\t<\/a>\n\t<\/div>\n<\/div><\/div><\/div><\/div><div id=\"pgc-12-5-1\"  class=\"panel-grid-cell\" ><div id=\"panel-12-5-1-0\" class=\"so-panel widget_sow-image panel-first-child\" data-index=\"13\" ><div\n\t\t\t\n\t\t\tclass=\"so-widget-sow-image so-widget-sow-image-default-113ccd71f3e6-12\"\n\t\t\t\n\t\t>\n<div class=\"sow-image-container\">\n\t\t<img \n\tsrc=\"https:\/\/adsbb.pt\/web\/wp-content\/uploads\/2019\/12\/icon_02-150x150.png\" width=\"150\" height=\"150\" srcset=\"https:\/\/adsbb.pt\/web\/wp-content\/uploads\/2019\/12\/icon_02-150x150.png 150w, https:\/\/adsbb.pt\/web\/wp-content\/uploads\/2019\/12\/icon_02-300x300.png 300w, https:\/\/adsbb.pt\/web\/wp-content\/uploads\/2019\/12\/icon_02.png 601w\" sizes=\"(max-width: 150px) 100vw, 150px\" alt=\"\" \t\tclass=\"so-widget-image\"\/>\n\t<\/div>\n\n<\/div><\/div><div id=\"panel-12-5-1-1\" class=\"so-panel widget_sow-editor\" data-index=\"14\" ><div class=\"panel-widget-style panel-widget-style-for-12-5-1-1\" ><div\n\t\t\t\n\t\t\tclass=\"so-widget-sow-editor so-widget-sow-editor-base\"\n\t\t\t\n\t\t>\n<div class=\"siteorigin-widget-tinymce textwidget\">\n\t<p style=\"text-align: center;\"><strong>CUIDADOS P\u00d3S-D\u00c1DIVA<\/strong><\/p>\n<\/div>\n<\/div><\/div><\/div><div id=\"panel-12-5-1-2\" class=\"so-panel widget_sow-button panel-last-child\" data-index=\"15\" ><div class=\"panel-widget-style panel-widget-style-for-12-5-1-2\" ><div\n\t\t\t\n\t\t\tclass=\"so-widget-sow-button so-widget-sow-button-flat-ca8181ffa3f6-12\"\n\t\t\t\n\t\t><div class=\"ow-button-base ow-button-align-center\"\n>\n\t\t\t<a\n\t\t\t\t\thref=\"https:\/\/adsbb.pt\/web\/cuidados-pos-dadiva\/\"\n\t\t\t\t\tclass=\"sowb-button ow-icon-placement-left ow-button-hover\" \t>\n\t\t<span>\n\t\t\t\n\t\t\tSaber Mais \t\t<\/span>\n\t\t\t<\/a>\n\t<\/div>\n<\/div><\/div><\/div><\/div><div id=\"pgc-12-5-2\"  class=\"panel-grid-cell\" ><div id=\"panel-12-5-2-0\" class=\"so-panel widget_sow-image panel-first-child\" data-index=\"16\" ><div\n\t\t\t\n\t\t\tclass=\"so-widget-sow-image so-widget-sow-image-default-113ccd71f3e6-12\"\n\t\t\t\n\t\t>\n<div class=\"sow-image-container\">\n\t\t<img \n\tsrc=\"https:\/\/adsbb.pt\/web\/wp-content\/uploads\/2019\/12\/icon_03-150x150.png\" width=\"150\" height=\"150\" srcset=\"https:\/\/adsbb.pt\/web\/wp-content\/uploads\/2019\/12\/icon_03-150x150.png 150w, https:\/\/adsbb.pt\/web\/wp-content\/uploads\/2019\/12\/icon_03-300x300.png 300w, https:\/\/adsbb.pt\/web\/wp-content\/uploads\/2019\/12\/icon_03.png 601w\" sizes=\"(max-width: 150px) 100vw, 150px\" alt=\"\" \t\tclass=\"so-widget-image\"\/>\n\t<\/div>\n\n<\/div><\/div><div id=\"panel-12-5-2-1\" class=\"so-panel widget_sow-editor\" data-index=\"17\" ><div class=\"panel-widget-style panel-widget-style-for-12-5-2-1\" ><div\n\t\t\t\n\t\t\tclass=\"so-widget-sow-editor so-widget-sow-editor-base\"\n\t\t\t\n\t\t>\n<div class=\"siteorigin-widget-tinymce textwidget\">\n\t<p style=\"text-align: center;\"><strong>D\u00daVIDAS FREQUENTES<\/strong><\/p>\n<\/div>\n<\/div><\/div><\/div><div id=\"panel-12-5-2-2\" class=\"so-panel widget_sow-button panel-last-child\" data-index=\"18\" ><div class=\"panel-widget-style panel-widget-style-for-12-5-2-2\" ><div\n\t\t\t\n\t\t\tclass=\"so-widget-sow-button so-widget-sow-button-flat-ca8181ffa3f6-12\"\n\t\t\t\n\t\t><div class=\"ow-button-base ow-button-align-center\"\n>\n\t\t\t<a\n\t\t\t\t\thref=\"https:\/\/adsbb.pt\/web\/duvidas-frequentes\/\"\n\t\t\t\t\tclass=\"sowb-button ow-icon-placement-left ow-button-hover\" \t>\n\t\t<span>\n\t\t\t\n\t\t\tSaber Mais \t\t<\/span>\n\t\t\t<\/a>\n\t<\/div>\n<\/div><\/div><\/div><\/div><\/div><div id=\"pg-12-6\"  class=\"panel-grid panel-has-style\" ><div class=\"panel-row-style panel-row-style-for-12-6\" ><div id=\"pgc-12-6-0\"  class=\"panel-grid-cell\" ><div id=\"panel-12-6-0-0\" class=\"so-panel widget_sow-image panel-first-child panel-last-child\" data-index=\"19\" ><div\n\t\t\t\n\t\t\tclass=\"so-widget-sow-image so-widget-sow-image-default-c67d20f9f743-12\"\n\t\t\t\n\t\t>\n<div class=\"sow-image-container\">\n\t\t<img \n\tsrc=\"https:\/\/adsbb.pt\/web\/wp-content\/uploads\/2019\/12\/ADSBB_Construcao_05_big.jpg\" width=\"599\" height=\"442\" srcset=\"https:\/\/adsbb.pt\/web\/wp-content\/uploads\/2019\/12\/ADSBB_Construcao_05_big.jpg 599w, https:\/\/adsbb.pt\/web\/wp-content\/uploads\/2019\/12\/ADSBB_Construcao_05_big-300x221.jpg 300w\" sizes=\"(max-width: 599px) 100vw, 599px\" alt=\"\" \t\tclass=\"so-widget-image\"\/>\n\t<\/div>\n\n<\/div><\/div><\/div><div id=\"pgc-12-6-1\"  class=\"panel-grid-cell\" ><div id=\"panel-12-6-1-0\" class=\"so-panel widget_sow-image panel-first-child panel-last-child\" data-index=\"20\" ><div\n\t\t\t\n\t\t\tclass=\"so-widget-sow-image so-widget-sow-image-default-c67d20f9f743-12\"\n\t\t\t\n\t\t>\n<div class=\"sow-image-container\">\n\t\t<img \n\tsrc=\"https:\/\/adsbb.pt\/web\/wp-content\/uploads\/2019\/12\/10373108_618724034901887_5690987757780123685_o.jpg\" width=\"2048\" height=\"1536\" srcset=\"https:\/\/adsbb.pt\/web\/wp-content\/uploads\/2019\/12\/10373108_618724034901887_5690987757780123685_o.jpg 2048w, https:\/\/adsbb.pt\/web\/wp-content\/uploads\/2019\/12\/10373108_618724034901887_5690987757780123685_o-300x225.jpg 300w, https:\/\/adsbb.pt\/web\/wp-content\/uploads\/2019\/12\/10373108_618724034901887_5690987757780123685_o-1024x768.jpg 1024w, https:\/\/adsbb.pt\/web\/wp-content\/uploads\/2019\/12\/10373108_618724034901887_5690987757780123685_o-768x576.jpg 768w, https:\/\/adsbb.pt\/web\/wp-content\/uploads\/2019\/12\/10373108_618724034901887_5690987757780123685_o-1536x1152.jpg 1536w\" sizes=\"(max-width: 2048px) 100vw, 2048px\" alt=\"\" \t\tclass=\"so-widget-image\"\/>\n\t<\/div>\n\n<\/div><\/div><\/div><div id=\"pgc-12-6-2\"  class=\"panel-grid-cell\" ><div id=\"panel-12-6-2-0\" class=\"so-panel widget_sow-image panel-first-child panel-last-child\" data-index=\"21\" ><div\n\t\t\t\n\t\t\tclass=\"so-widget-sow-image so-widget-sow-image-default-c67d20f9f743-12\"\n\t\t\t\n\t\t>\n<div class=\"sow-image-container\">\n\t\t<img \n\tsrc=\"https:\/\/adsbb.pt\/web\/wp-content\/uploads\/2019\/12\/10517285_618723721568585_719383007905915299_o.jpg\" width=\"2048\" height=\"1536\" srcset=\"https:\/\/adsbb.pt\/web\/wp-content\/uploads\/2019\/12\/10517285_618723721568585_719383007905915299_o.jpg 2048w, https:\/\/adsbb.pt\/web\/wp-content\/uploads\/2019\/12\/10517285_618723721568585_719383007905915299_o-300x225.jpg 300w, https:\/\/adsbb.pt\/web\/wp-content\/uploads\/2019\/12\/10517285_618723721568585_719383007905915299_o-1024x768.jpg 1024w, https:\/\/adsbb.pt\/web\/wp-content\/uploads\/2019\/12\/10517285_618723721568585_719383007905915299_o-768x576.jpg 768w, https:\/\/adsbb.pt\/web\/wp-content\/uploads\/2019\/12\/10517285_618723721568585_719383007905915299_o-1536x1152.jpg 1536w\" sizes=\"(max-width: 2048px) 100vw, 2048px\" alt=\"\" \t\tclass=\"so-widget-image\"\/>\n\t<\/div>\n\n<\/div><\/div><\/div><\/div><\/div><div id=\"pg-12-7\"  class=\"panel-grid panel-has-style\" ><div class=\"panel-row-style panel-row-style-for-12-7\" ><div id=\"pgc-12-7-0\"  class=\"panel-grid-cell\" ><div id=\"panel-12-7-0-0\" class=\"so-panel widget_sow-image panel-first-child panel-last-child\" data-index=\"22\" ><div class=\"panel-widget-style panel-widget-style-for-12-7-0-0\" ><div\n\t\t\t\n\t\t\tclass=\"so-widget-sow-image so-widget-sow-image-default-c67d20f9f743-12\"\n\t\t\t\n\t\t>\n<div class=\"sow-image-container\">\n\t\t<img \n\tsrc=\"https:\/\/adsbb.pt\/web\/wp-content\/uploads\/2020\/07\/adsbb_misc-768x410.jpg\" width=\"768\" height=\"410\" srcset=\"https:\/\/adsbb.pt\/web\/wp-content\/uploads\/2020\/07\/adsbb_misc-768x410.jpg 768w, https:\/\/adsbb.pt\/web\/wp-content\/uploads\/2020\/07\/adsbb_misc-300x160.jpg 300w, https:\/\/adsbb.pt\/web\/wp-content\/uploads\/2020\/07\/adsbb_misc-1024x547.jpg 1024w, https:\/\/adsbb.pt\/web\/wp-content\/uploads\/2020\/07\/adsbb_misc.jpg 1194w\" sizes=\"(max-width: 768px) 100vw, 768px\" alt=\"\" \t\tclass=\"so-widget-image\"\/>\n\t<\/div>\n\n<\/div><\/div><\/div><\/div><\/div><\/div><\/div>","protected":false},"excerpt":{"rendered":"<p>Bem-Vindo Associa\u00e7\u00e3o de Dadores de Sangue da Baixa da Banheira O sangue \u00e9 essencial \u00e0 vida e como \u00e9 sabido n\u00e3o se fabrica, \u00e9 gra\u00e7as ao gesto altru\u00edsta e desinteressado dos Dadores de Sangue que milh\u00f5es de vidas s\u00e3o salvas diariamente em todo o mundo. Infelizmente nem todos podemos dar sangue, por\u00e9m todos somos s\u00e9rios candidatos a um dia termos que o receber. &nbsp;<\/p>\n","protected":false},"author":1,"featured_media":0,"parent":0,"menu_order":0,"comment_status":"closed","ping_status":"closed","template":"","meta":{"footnotes":""},"class_list":["post-12","page","type-page","status-publish"],"_links":{"self":[{"href":"https:\/\/adsbb.pt\/web\/wp-json\/wp\/v2\/pages\/12","targetHints":{"allow":["GET"]}}],"collection":[{"href":"https:\/\/adsbb.pt\/web\/wp-json\/wp\/v2\/pages"}],"about":[{"href":"https:\/\/adsbb.pt\/web\/wp-json\/wp\/v2\/types\/page"}],"author":[{"embeddable":true,"href":"https:\/\/adsbb.pt\/web\/wp-json\/wp\/v2\/users\/1"}],"replies":[{"embeddable":true,"href":"https:\/\/adsbb.pt\/web\/wp-json\/wp\/v2\/comments?post=12"}],"version-history":[{"count":190,"href":"https:\/\/adsbb.pt\/web\/wp-json\/wp\/v2\/pages\/12\/revisions"}],"predecessor-version":[{"id":741,"href":"https:\/\/adsbb.pt\/web\/wp-json\/wp\/v2\/pages\/12\/revisions\/741"}],"wp:attachment":[{"href":"https:\/\/adsbb.pt\/web\/wp-json\/wp\/v2\/media?parent=12"}],"curies":[{"name":"wp","href":"https:\/\/api.w.org\/{rel}","templated":true}]}}